{"id":3205,"date":"2021-08-29T10:58:14","date_gmt":"2021-08-29T10:58:14","guid":{"rendered":"https:\/\/v2.tam.mc\/?page_id=3205"},"modified":"2021-08-29T10:58:15","modified_gmt":"2021-08-29T10:58:15","slug":"mentions-legales","status":"publish","type":"page","link":"https:\/\/v2.tam.mc\/?page_id=3205","title":{"rendered":"Mentions l\u00e9gales"},"content":{"rendered":"\n<p>Travailler \u00c0 Monaco est un site ind\u00e9pendant n\u2019ayant aucun lien avec une entit\u00e9 officielle de la Principaut\u00e9 de Monaco.<\/p>\n\n\n\n<p>www.travailleramonaco.com est \u00e9dit\u00e9 par la soci\u00e9t\u00e9 <a href=\"http:\/\/www.esbc.mc\">ESBC Monaco<\/a>, SARL au capital de 100 000 euros immatricul\u00e9e au RCI de Monaco sous le num\u00e9ro 14 S 06351.<\/p>\n\n\n\n<p>Si\u00e8ge social : 6 avenue des Citronniers 98000 Monaco<br>Mail : contact@travailleramonaco.com<br>N\u00b0 de TVA FR 73 000108919<\/p>\n\n\n\n<p>H\u00e9bergeur : OVH<br>2 rue Kellermann<br>59100 Roubaix<\/p>\n\n\n\n<p>L&rsquo;ensemble de ce site rel\u00e8ve de la l\u00e9gislation mon\u00e9gasque sur le droit d&rsquo;auteur et la propri\u00e9t\u00e9 intellectuelle. Tous les droits de reproduction sont r\u00e9serv\u00e9s, y compris pour les documents iconographiques et photographiques.<\/p>\n\n\n\n<p>Conform\u00e9ment \u00e0 la loi num\u00e9ro 1.165 du 23 D\u00e9cembre 1993 relative \u00e0 la protection des informations nominatives, le Site est d\u00e9clar\u00e9 \u00e0 la Commission de Contr\u00f4le des Informations Nominatives de Monaco CCIN (dossier num\u00e9ro 2019.02053).<\/p>\n\n\n\n<p>Vous disposez d&rsquo;un droit d&rsquo;acc\u00e8s, de modification, de rectification et de suppression des donn\u00e9es qui vous concernent.<br>Vous pouvez exercer ce droit en nous contactant :<br>&#8211; par mail contact@travailleramonaco.com<br>&#8211; par courrier ESBC Monaco, 6 avenue des Citronniers 98000 Monaco<\/p>\n\n\n\n<p>Pour en savoir plus sur l&rsquo;utilisation des cookies sur le Site et sur les RGPD, veuillez-vous r\u00e9f\u00e9rer aux <a href=\"https:\/\/travailleramonaco.com\/index.php?page=conditions\">Conditions G\u00e9n\u00e9rales d\u2019Utilisation.<\/a><\/p>\n","protected":false},"excerpt":{"rendered":"<p>Travailler \u00c0 Monaco est un site ind\u00e9pendant n\u2019ayant aucun lien avec une entit\u00e9 officielle de la Principaut\u00e9 de Monaco. www.travailleramonaco.com est \u00e9dit\u00e9 par la soci\u00e9t\u00e9 ESBC Monaco, SARL au capital de 100 000 euros immatricul\u00e9e au RCI de Monaco sous le num\u00e9ro 14 S 06351. Si\u00e8ge social : 6 avenue des Citronniers 98000 MonacoMail : [&hellip;]<\/p>\n","protected":false},"author":1,"featured_media":0,"parent":0,"menu_order":0,"comment_status":"closed","ping_status":"closed","template":"","meta":[],"_links":{"self":[{"href":"https:\/\/v2.tam.mc\/index.php?rest_route=\/wp\/v2\/pages\/3205"}],"collection":[{"href":"https:\/\/v2.tam.mc\/index.php?rest_route=\/wp\/v2\/pages"}],"about":[{"href":"https:\/\/v2.tam.mc\/index.php?rest_route=\/wp\/v2\/types\/page"}],"author":[{"embeddable":true,"href":"https:\/\/v2.tam.mc\/index.php?rest_route=\/wp\/v2\/users\/1"}],"replies":[{"embeddable":true,"href":"https:\/\/v2.tam.mc\/index.php?rest_route=%2Fwp%2Fv2%2Fcomments&post=3205"}],"version-history":[{"count":1,"href":"https:\/\/v2.tam.mc\/index.php?rest_route=\/wp\/v2\/pages\/3205\/revisions"}],"predecessor-version":[{"id":3208,"href":"https:\/\/v2.tam.mc\/index.php?rest_route=\/wp\/v2\/pages\/3205\/revisions\/3208"}],"wp:attachment":[{"href":"https:\/\/v2.tam.mc\/index.php?rest_route=%2Fwp%2Fv2%2Fmedia&parent=3205"}],"curies":[{"name":"wp","href":"https:\/\/api.w.org\/{rel}","templated":true}]}}